{"id":45,"date":"2019-06-14T08:51:16","date_gmt":"2019-06-14T08:51:16","guid":{"rendered":"http:\/\/homepage.foerderverein-wrs-ilten.de\/?page_id=45"},"modified":"2024-03-05T21:15:19","modified_gmt":"2024-03-05T20:15:19","slug":"impressum","status":"publish","type":"page","link":"https:\/\/foerderverein-wrs-ilten.de\/?page_id=45","title":{"rendered":"Impressum"},"content":{"rendered":"\n<h2 class=\"wp-block-heading\">Angaben gem\u00e4\u00df \u00a7 5 TMG<\/h2>\n\n\n\n<p>F\u00f6rderverein der Wilhelm-Raabe-Schule Ilten e.V.<br>Gl\u00fcckauf Stra\u00dfe 15<br>31319 Sehnde<\/p>\n\n\n\n<p>Vereinsregister: 130308<br>Registergericht: Amtsgericht Hildesheim<\/p>\n\n\n\n<p><strong>Vertreten durch:<br><\/strong>Vorsitzende: Sarah Kertess<br>stellvertretende Vorsitzende: Katharina Br\u00fcggemann<br>Schriftf\u00fchrerin: Wiebke Mercier<br>Kassenwart: Nadine Syberg<\/p>\n\n\n\n<p><em>Zwei Vorstandsmitglieder \u00fcbernehmen gemeinschaftlich die Vertretung des Vereins im Sinne \u00a726 BGB gerichtlich und au\u00dfergerichtlich.<\/em><\/p>\n\n\n\n<h2 class=\"wp-block-heading\">Kontakt<\/h2>\n\n\n\n<p>Telefon: 05132 7286<br>E-Mail: info@fvwrs.de<\/p>\n\n\n\n<p>Wir sind nicht bereit oder verpflichtet, an Streitbeilegungsverfahren vor einer Verbraucherschlichtungsstelle teilzunehmen.<\/p>\n\n\n\n<h2 class=\"wp-block-heading\">Haftung f\u00fcr Inhalte<\/h2>\n\n\n\n<p>Als Diensteanbieter sind wir gem\u00e4\u00df \u00a7 7 Abs.1 TMG f\u00fcr eigene Inhalte auf diesen Seiten nach den allgemeinen Gesetzen verantwortlich. Nach \u00a7\u00a7 8 bis 10 TMG sind wir als Diensteanbieter jedoch nicht verpflichtet, \u00fcbermittelte oder gespeicherte fremde Informationen zu \u00fcberwachen oder nach Umst\u00e4nden zu forschen, die auf eine rechtswidrige T\u00e4tigkeit hinweisen.<\/p>\n\n\n\n<p>Verpflichtungen zur Entfernung oder Sperrung der Nutzung von Informationen nach den allgemeinen Gesetzen bleiben hiervon unber\u00fchrt. Eine diesbez\u00fcgliche Haftung ist jedoch erst ab dem Zeitpunkt der Kenntnis einer konkreten Rechtsverletzung m\u00f6glich. Bei Bekanntwerden von entsprechenden Rechtsverletzungen werden wir diese Inhalte umgehend entfernen.<\/p>\n\n\n\n<h2 class=\"wp-block-heading\">Haftung f\u00fcr Links<\/h2>\n\n\n\n<p>Unser Angebot enth\u00e4lt Links zu externen Websites Dritter, auf deren Inhalte wir keinen Einfluss haben. Deshalb k\u00f6nnen wir f\u00fcr diese fremden Inhalte auch keine Gew\u00e4hr \u00fcbernehmen. F\u00fcr die Inhalte der verlinkten Seiten ist stets der jeweilige Anbieter oder Betreiber der Seiten verantwortlich. Die verlinkten Seiten wurden zum Zeitpunkt der Verlinkung auf m\u00f6gliche Rechtsverst\u00f6\u00dfe \u00fcberpr\u00fcft. Rechtswidrige Inhalte waren zum Zeitpunkt der Verlinkung nicht erkennbar.<\/p>\n\n\n\n<p>Eine permanente inhaltliche Kontrolle der verlinkten Seiten ist jedoch ohne konkrete Anhaltspunkte einer Rechtsverletzung nicht zumutbar. Bei Bekanntwerden von Rechtsverletzungen werden wir derartige Links umgehend entfernen.<\/p>\n\n\n\n<h2 class=\"wp-block-heading\">Urheberrecht<\/h2>\n\n\n\n<p>Die durch die Seitenbetreiber erstellten Inhalte und Werke auf diesen Seiten unterliegen dem deutschen Urheberrecht. Die Vervielf\u00e4ltigung, Bearbeitung, Verbreitung und jede Art der Verwertung au\u00dferhalb der Grenzen des Urheberrechtes bed\u00fcrfen der schriftlichen Zustimmung des jeweiligen Autors bzw. Erstellers. Downloads und Kopien dieser Seite sind nur f\u00fcr den privaten, nicht kommerziellen Gebrauch gestattet.<\/p>\n\n\n\n<p>Soweit die Inhalte auf dieser Seite nicht vom Betreiber erstellt wurden, werden die Urheberrechte Dritter beachtet. Insbesondere werden Inhalte Dritter als solche gekennzeichnet. Sollten Sie trotzdem auf eine Urheberrechtsverletzung aufmerksam werden, bitten wir um einen entsprechenden Hinweis. Bei Bekanntwerden von Rechtsverletzungen werden wir derartige Inhalte umgehend entfernen.<\/p>\n\n\n\n<h2 class=\"wp-block-heading\">Soziale Netzwerke<\/h2>\n\n\n\n<p>Dieses Impressum gilt auch f\u00fcr die Profile des Vereins in den sozialen Netzwerken.<\/p>\n","protected":false},"excerpt":{"rendered":"<p>Angaben gem\u00e4\u00df \u00a7 5 TMG F\u00f6rderverein der Wilhelm-Raabe-Schule Ilten e.V.Gl\u00fcckauf Stra\u00dfe 1531319 Sehnde Vereinsregister: 130308Registergericht: Amtsgericht Hildesheim Vertreten durch:Vorsitzende: Sarah Kertessstellvertretende Vorsitzende: Katharina Br\u00fcggemannSchriftf\u00fchrerin: Wiebke MercierKassenwart: Nadine Syberg Zwei Vorstandsmitglieder \u00fcbernehmen gemeinschaftlich die Vertretung des Vereins im Sinne \u00a726 BGB gerichtlich und au\u00dfergerichtlich. Kontakt Telefon: 05132 7286E-Mail: info@fvwrs.de Wir sind nicht bereit oder verpflichtet, an &hellip; <\/p>\n<p class=\"link-more\"><a href=\"https:\/\/foerderverein-wrs-ilten.de\/?page_id=45\" class=\"more-link\"><span class=\"screen-reader-text\">\u201eImpressum\u201c<\/span> weiterlesen<\/a><\/p>\n","protected":false},"author":1,"featured_media":0,"parent":0,"menu_order":0,"comment_status":"closed","ping_status":"closed","template":"","meta":{"footnotes":""},"jetpack_sharing_enabled":true,"_links":{"self":[{"href":"https:\/\/foerderverein-wrs-ilten.de\/index.php?rest_route=\/wp\/v2\/pages\/45"}],"collection":[{"href":"https:\/\/foerderverein-wrs-ilten.de\/index.php?rest_route=\/wp\/v2\/pages"}],"about":[{"href":"https:\/\/foerderverein-wrs-ilten.de\/index.php?rest_route=\/wp\/v2\/types\/page"}],"author":[{"embeddable":true,"href":"https:\/\/foerderverein-wrs-ilten.de\/index.php?rest_route=\/wp\/v2\/users\/1"}],"replies":[{"embeddable":true,"href":"https:\/\/foerderverein-wrs-ilten.de\/index.php?rest_route=%2Fwp%2Fv2%2Fcomments&post=45"}],"version-history":[{"count":8,"href":"https:\/\/foerderverein-wrs-ilten.de\/index.php?rest_route=\/wp\/v2\/pages\/45\/revisions"}],"predecessor-version":[{"id":250,"href":"https:\/\/foerderverein-wrs-ilten.de\/index.php?rest_route=\/wp\/v2\/pages\/45\/revisions\/250"}],"wp:attachment":[{"href":"https:\/\/foerderverein-wrs-ilten.de\/index.php?rest_route=%2Fwp%2Fv2%2Fmedia&parent=45"}],"curies":[{"name":"wp","href":"https:\/\/api.w.org\/{rel}","templated":true}]}}