{"id":2,"date":"2016-05-10T03:48:21","date_gmt":"2016-05-10T03:48:21","guid":{"rendered":"http:\/\/homepage.foerderverein-wrs-ilten.de\/?page_id=2"},"modified":"2024-03-05T21:25:59","modified_gmt":"2024-03-05T20:25:59","slug":"sample-page","status":"publish","type":"page","link":"https:\/\/foerderverein-wrs-ilten.de\/","title":{"rendered":"Willkommen"},"content":{"rendered":"<h2>Wer sind wir?<\/h2>\n<p>Wir sind aktive engagierte Eltern, die das Schulleben an der <b>Wilhelm-Raabe-Schule in Ilten <\/b>bereichern wollen.<br \/>Wir haben uns zum Ziel gesetzt, die Schule und Eltern in der Erf\u00fcllung ihres Bildungs- und Erziehungsauftrages zum Wohle der Sch\u00fclerinnen und Sch\u00fcler zu unterst\u00fctzen.<br \/>Wir helfen bei der Finanzierung und Organisation ganz verschiedener Angebote, die <strong>alle<\/strong> Schulkinder nutzen k\u00f6nnen.<\/p>\n<h2>Was sind unsere Ziele?<\/h2>\n<p>F\u00f6rderung und Unterst\u00fctzung von Ma\u00dfnahmen zur Verbesserung des schulischen Angebots und des Umfeldes der \u201eWilhelm Raabe Schule\u201c.<\/p>\n<ul>\n<li style=\"list-style-type: none;\">\n<ul>\n<li>Ausstattung der Schulbibliothek<\/li>\n<li>Anschaffung neuer Spielmaterialen und Ger\u00e4te<\/li>\n<li>F\u00f6rderung von Kooperation zwischen Schule und Hort<\/li>\n<li>Erm\u00f6glichen von Schulprojekten wie Erste-Hilfe-Kursen, Gesundes Fr\u00fchst\u00fcck und \u201eStark im Team\u201c.<\/li>\n<li>Finanzielle Unterst\u00fctzung f\u00fcr Kinder aus sozial schw\u00e4cheren Familien, damit diese auch an Klassenfahrten und Exkursionen teilnehmen.<\/li>\n<\/ul>\n<\/li>\n<\/ul>\n<h2>Wir haben ihr Interesse geweckt?<\/h2>\n<h3>Mitgliedschaft<\/h3>\n<p>Wir suchen st\u00e4ndig Eltern und Gro\u00dfeltern mit neuen Ideen und vor allem tatkr\u00e4ftige Unterst\u00fctzung bei der Vereinsarbeit.<\/p>\n<p>Oder m\u00f6chten sie uns durch ihre passive Mitgliedschaft unterst\u00fctzen?<\/p>\n<p>Einfach <a href=\"http:\/\/foerderverein-wrs-ilten.de\/wp-content\/uploads\/2019\/09\/Beitrittserkl%C3%A4rung_inkl_Datenschutzhinweis.pdf\">Beitrittserkl\u00e4rung<\/a>\u00a0ausf\u00fcllen und in den Briefkasten der Schule werfen.<\/p>\n<p>Eine Mitgliedschaft kann gro\u00dfes bewegen. Unsere Kinder sollen an der Schule in Ilten einen Lern\u2010 und Lebensraum finden, in dem sie mit Spa\u00df und Erfolg eine zeitgem\u00e4\u00dfe Ausbildung erhalten.<\/p>\n<h3>Spende<\/h3>\n<p>Hilf uns mit einer\u00a0<strong>Spende<\/strong>\u00a0\u2013 unsere Kontonummer ist DE60 2519 3331 7301 6314 00. Jede Spende ist herzlich willkommen! Da wir ein gemeinn\u00fctziger Verein sind, ist die Spenden steuerlich absetzbar.<\/p>\n<h3>Gooding<\/h3>\n<p>Kaufe bei Partnern die <strong><a href=\"https:\/\/www.gooding.de\/foerderverein-der-wilhelm-raabe-schule-ilten-e-v-122389\" target=\"_blank\" rel=\"noopener\">Gooding<\/a> <\/strong>unterst\u00fctzen ein &#8211; bei jedem Einkauf wird ohne Mehrkosten f\u00fcr Dich eine Spende vom Verk\u00e4ufer an uns \u00fcberwiesen.<\/p>\n\n\n<p><\/p>\n","protected":false},"excerpt":{"rendered":"<p>Wer sind wir? Wir sind aktive engagierte Eltern, die das Schulleben an der Wilhelm-Raabe-Schule in Ilten bereichern wollen.Wir haben uns zum Ziel gesetzt, die Schule und Eltern in der Erf\u00fcllung ihres Bildungs- und Erziehungsauftrages zum Wohle der Sch\u00fclerinnen und Sch\u00fcler zu unterst\u00fctzen.Wir helfen bei der Finanzierung und Organisation ganz verschiedener Angebote, die alle Schulkinder nutzen &hellip; <\/p>\n<p class=\"link-more\"><a href=\"https:\/\/foerderverein-wrs-ilten.de\/\" class=\"more-link\"><span class=\"screen-reader-text\">\u201eWillkommen\u201c<\/span> weiterlesen<\/a><\/p>\n","protected":false},"author":1,"featured_media":0,"parent":0,"menu_order":0,"comment_status":"closed","ping_status":"open","template":"","meta":{"footnotes":""},"jetpack_sharing_enabled":true,"_links":{"self":[{"href":"https:\/\/foerderverein-wrs-ilten.de\/index.php?rest_route=\/wp\/v2\/pages\/2"}],"collection":[{"href":"https:\/\/foerderverein-wrs-ilten.de\/index.php?rest_route=\/wp\/v2\/pages"}],"about":[{"href":"https:\/\/foerderverein-wrs-ilten.de\/index.php?rest_route=\/wp\/v2\/types\/page"}],"author":[{"embeddable":true,"href":"https:\/\/foerderverein-wrs-ilten.de\/index.php?rest_route=\/wp\/v2\/users\/1"}],"replies":[{"embeddable":true,"href":"https:\/\/foerderverein-wrs-ilten.de\/index.php?rest_route=%2Fwp%2Fv2%2Fcomments&post=2"}],"version-history":[{"count":22,"href":"https:\/\/foerderverein-wrs-ilten.de\/index.php?rest_route=\/wp\/v2\/pages\/2\/revisions"}],"predecessor-version":[{"id":253,"href":"https:\/\/foerderverein-wrs-ilten.de\/index.php?rest_route=\/wp\/v2\/pages\/2\/revisions\/253"}],"wp:attachment":[{"href":"https:\/\/foerderverein-wrs-ilten.de\/index.php?rest_route=%2Fwp%2Fv2%2Fmedia&parent=2"}],"curies":[{"name":"wp","href":"https:\/\/api.w.org\/{rel}","templated":true}]}}